{"id":20219,"date":"2021-06-30T07:45:23","date_gmt":"2021-06-30T06:45:23","guid":{"rendered":"https:\/\/happytrade.ch\/happy-trade\/"},"modified":"2021-06-30T07:45:24","modified_gmt":"2021-06-30T06:45:24","slug":"happy-trade","status":"publish","type":"page","link":"https:\/\/happytrade.ch\/fr\/happy-trade\/","title":{"rendered":"Happy Trade"},"content":{"rendered":"<div class=\"fusion-fullwidth fullwidth-box fusion-builder-row-1 fusion-flex-container nonhundred-percent-fullwidth non-hundred-percent-height-scrolling\" style=\"--awb-border-radius-top-left:0px;--awb-border-radius-top-right:0px;--awb-border-radius-bottom-right:0px;--awb-border-radius-bottom-left:0px;--awb-padding-bottom:120px;--awb-flex-wrap:wrap;\" ><div class=\"fusion-builder-row fusion-row fusion-flex-align-items-flex-start fusion-flex-content-wrap\" style=\"max-width:1216.8px;margin-left: calc(-4% \/ 2 );margin-right: calc(-4% \/ 2 );\"><div class=\"fusion-layout-column fusion_builder_column fusion-builder-column-0 fusion_builder_column_1_2 1_2 fusion-flex-column\" style=\"--awb-bg-size:cover;--awb-width-large:50%;--awb-margin-top-large:15px;--awb-spacing-right-large:3.84%;--awb-margin-bottom-large:15px;--awb-spacing-left-large:3.84%;--awb-width-medium:100%;--awb-order-medium:0;--awb-spacing-right-medium:1.92%;--awb-spacing-left-medium:1.92%;--awb-width-small:100%;--awb-order-small:0;--awb-spacing-right-small:1.92%;--awb-spacing-left-small:1.92%;\"><div class=\"fusion-column-wrapper fusion-column-has-shadow fusion-flex-justify-content-flex-start fusion-content-layout-column\"><div class=\"fusion-text fusion-text-1\"><p>Happy Trade a \u00e9t\u00e9 fond\u00e9 en 1994 de Philipp Winiger \u00e0 Losone au Tessin. Fonction: distribution et vente de nos deux premi\u00e8res maisons de repr\u00e9sentations, Roger la Borde (GB-Londres) et Santoro Graphics 3D cartes-Swing (GB-Londres). Pour offrir un excellent service de cartes \u00e0 nos clients, notre si\u00e8ge est depuis 2002 \u00e0 Wettingen. Dans une atmosph\u00e8re idyllique d\u2019une ancienne filature, nous sommes maintenant les sp\u00e9cialistes pour les cartes de voeux anglaises. Une grande gamme de produits compl\u00e8te notre magnifique sortiment de produits en papier, de carnets de note, de carton ou de serviettes.<\/p>\n<\/div><\/div><\/div><div class=\"fusion-layout-column fusion_builder_column fusion-builder-column-1 fusion_builder_column_1_2 1_2 fusion-flex-column\" style=\"--awb-bg-size:cover;--awb-width-large:50%;--awb-margin-top-large:15px;--awb-spacing-right-large:3.84%;--awb-margin-bottom-large:15px;--awb-spacing-left-large:3.84%;--awb-width-medium:100%;--awb-order-medium:0;--awb-spacing-right-medium:1.92%;--awb-spacing-left-medium:1.92%;--awb-width-small:100%;--awb-order-small:0;--awb-spacing-right-small:1.92%;--awb-spacing-left-small:1.92%;\"><div class=\"fusion-column-wrapper fusion-column-has-shadow fusion-flex-justify-content-flex-start fusion-content-layout-column\"><div class=\"fusion-image-element \" style=\"--awb-caption-title-font-family:var(--h2_typography-font-family);--awb-caption-title-font-weight:var(--h2_typography-font-weight);--awb-caption-title-font-style:var(--h2_typography-font-style);--awb-caption-title-size:var(--h2_typography-font-size);--awb-caption-title-transform:var(--h2_typography-text-transform);--awb-caption-title-line-height:var(--h2_typography-line-height);--awb-caption-title-letter-spacing:var(--h2_typography-letter-spacing);\"><span class=\" fusion-imageframe imageframe-none imageframe-1 hover-type-none\"><img decoding=\"async\" width=\"1024\" height=\"761\" title=\"Kontakt-Happy-Trade\" src=\"https:\/\/happytrade.ch\/wp-content\/uploads\/2021\/05\/Kontakt-Happy-Trade-scaled.jpg\" data-orig-src=\"https:\/\/happytrade.ch\/wp-content\/uploads\/2021\/05\/Kontakt-Happy-Trade-1024x761.jpg\" alt class=\"lazyload img-responsive wp-image-20228\" srcset=\"data:image\/svg+xml,%3Csvg%20xmlns%3D%27http%3A%2F%2Fwww.w3.org%2F2000%2Fsvg%27%20width%3D%272560%27%20height%3D%271902%27%20viewBox%3D%270%200%202560%201902%27%3E%3Crect%20width%3D%272560%27%20height%3D%271902%27%20fill-opacity%3D%220%22%2F%3E%3C%2Fsvg%3E\" data-srcset=\"https:\/\/happytrade.ch\/wp-content\/uploads\/2021\/05\/Kontakt-Happy-Trade-200x149.jpg 200w, https:\/\/happytrade.ch\/wp-content\/uploads\/2021\/05\/Kontakt-Happy-Trade-400x297.jpg 400w, https:\/\/happytrade.ch\/wp-content\/uploads\/2021\/05\/Kontakt-Happy-Trade-600x446.jpg 600w, https:\/\/happytrade.ch\/wp-content\/uploads\/2021\/05\/Kontakt-Happy-Trade-800x594.jpg 800w, https:\/\/happytrade.ch\/wp-content\/uploads\/2021\/05\/Kontakt-Happy-Trade-1200x892.jpg 1200w\" data-sizes=\"auto\" data-orig-sizes=\"(max-width: 1024px) 100vw, (max-width: 640px) 100vw, 600px\" \/><\/span><\/div><\/div><\/div><\/div><\/div>\n","protected":false},"excerpt":{"rendered":"","protected":false},"author":1,"featured_media":0,"parent":0,"menu_order":0,"comment_status":"closed","ping_status":"closed","template":"","meta":{"footnotes":""},"class_list":["post-20219","page","type-page","status-publish","hentry"],"yoast_head":"<!-- This site is optimized with the Yoast SEO plugin v27.5 - https:\/\/yoast.com\/product\/yoast-seo-wordpress\/ -->\n<title>Happy Trade - Happy Trade<\/title>\n<meta name=\"robots\" content=\"index, follow, max-snippet:-1, max-image-preview:large, max-video-preview:-1\" \/>\n<link rel=\"canonical\" href=\"https:\/\/happytrade.ch\/fr\/happy-trade\/\" \/>\n<meta property=\"og:locale\" content=\"fr_FR\" \/>\n<meta property=\"og:type\" content=\"article\" \/>\n<meta property=\"og:title\" content=\"Happy Trade - Happy Trade\" \/>\n<meta property=\"og:url\" content=\"https:\/\/happytrade.ch\/fr\/happy-trade\/\" \/>\n<meta property=\"og:site_name\" content=\"Happy Trade\" \/>\n<meta property=\"article:modified_time\" content=\"2021-06-30T06:45:24+00:00\" \/>\n<meta name=\"twitter:card\" content=\"summary_large_image\" \/>\n<meta name=\"twitter:label1\" content=\"Dur\u00e9e de lecture estim\u00e9e\" \/>\n\t<meta name=\"twitter:data1\" content=\"5 minutes\" \/>\n<script type=\"application\/ld+json\" class=\"yoast-schema-graph\">{\"@context\":\"https:\\\/\\\/schema.org\",\"@graph\":[{\"@type\":\"WebPage\",\"@id\":\"https:\\\/\\\/happytrade.ch\\\/fr\\\/happy-trade\\\/\",\"url\":\"https:\\\/\\\/happytrade.ch\\\/fr\\\/happy-trade\\\/\",\"name\":\"Happy Trade - Happy Trade\",\"isPartOf\":{\"@id\":\"https:\\\/\\\/happytrade.ch\\\/fr\\\/#website\"},\"datePublished\":\"2021-06-30T06:45:23+00:00\",\"dateModified\":\"2021-06-30T06:45:24+00:00\",\"breadcrumb\":{\"@id\":\"https:\\\/\\\/happytrade.ch\\\/fr\\\/happy-trade\\\/#breadcrumb\"},\"inLanguage\":\"fr-FR\",\"potentialAction\":[{\"@type\":\"ReadAction\",\"target\":[\"https:\\\/\\\/happytrade.ch\\\/fr\\\/happy-trade\\\/\"]}]},{\"@type\":\"BreadcrumbList\",\"@id\":\"https:\\\/\\\/happytrade.ch\\\/fr\\\/happy-trade\\\/#breadcrumb\",\"itemListElement\":[{\"@type\":\"ListItem\",\"position\":1,\"name\":\"Startseite\",\"item\":\"https:\\\/\\\/happytrade.ch\\\/fr\\\/\"},{\"@type\":\"ListItem\",\"position\":2,\"name\":\"Happy Trade\"}]},{\"@type\":\"WebSite\",\"@id\":\"https:\\\/\\\/happytrade.ch\\\/fr\\\/#website\",\"url\":\"https:\\\/\\\/happytrade.ch\\\/fr\\\/\",\"name\":\"Happy Trade\",\"description\":\"Cards &amp; Gifts\",\"publisher\":{\"@id\":\"https:\\\/\\\/happytrade.ch\\\/fr\\\/#organization\"},\"potentialAction\":[{\"@type\":\"SearchAction\",\"target\":{\"@type\":\"EntryPoint\",\"urlTemplate\":\"https:\\\/\\\/happytrade.ch\\\/fr\\\/?s={search_term_string}\"},\"query-input\":{\"@type\":\"PropertyValueSpecification\",\"valueRequired\":true,\"valueName\":\"search_term_string\"}}],\"inLanguage\":\"fr-FR\"},{\"@type\":\"Organization\",\"@id\":\"https:\\\/\\\/happytrade.ch\\\/fr\\\/#organization\",\"name\":\"Happy Trade GmbH\",\"url\":\"https:\\\/\\\/happytrade.ch\\\/fr\\\/\",\"logo\":{\"@type\":\"ImageObject\",\"inLanguage\":\"fr-FR\",\"@id\":\"https:\\\/\\\/happytrade.ch\\\/fr\\\/#\\\/schema\\\/logo\\\/image\\\/\",\"url\":\"https:\\\/\\\/happytrade.ch\\\/wp-content\\\/uploads\\\/2021\\\/05\\\/happy_trade_sansserif_nosub_x2.png\",\"contentUrl\":\"https:\\\/\\\/happytrade.ch\\\/wp-content\\\/uploads\\\/2021\\\/05\\\/happy_trade_sansserif_nosub_x2.png\",\"width\":440,\"height\":74,\"caption\":\"Happy Trade GmbH\"},\"image\":{\"@id\":\"https:\\\/\\\/happytrade.ch\\\/fr\\\/#\\\/schema\\\/logo\\\/image\\\/\"}}]}<\/script>\n<!-- \/ Yoast SEO plugin. -->","yoast_head_json":{"title":"Happy Trade - Happy Trade","robots":{"index":"index","follow":"follow","max-snippet":"max-snippet:-1","max-image-preview":"max-image-preview:large","max-video-preview":"max-video-preview:-1"},"canonical":"https:\/\/happytrade.ch\/fr\/happy-trade\/","og_locale":"fr_FR","og_type":"article","og_title":"Happy Trade - Happy Trade","og_url":"https:\/\/happytrade.ch\/fr\/happy-trade\/","og_site_name":"Happy Trade","article_modified_time":"2021-06-30T06:45:24+00:00","twitter_card":"summary_large_image","twitter_misc":{"Dur\u00e9e de lecture estim\u00e9e":"5 minutes"},"schema":{"@context":"https:\/\/schema.org","@graph":[{"@type":"WebPage","@id":"https:\/\/happytrade.ch\/fr\/happy-trade\/","url":"https:\/\/happytrade.ch\/fr\/happy-trade\/","name":"Happy Trade - Happy Trade","isPartOf":{"@id":"https:\/\/happytrade.ch\/fr\/#website"},"datePublished":"2021-06-30T06:45:23+00:00","dateModified":"2021-06-30T06:45:24+00:00","breadcrumb":{"@id":"https:\/\/happytrade.ch\/fr\/happy-trade\/#breadcrumb"},"inLanguage":"fr-FR","potentialAction":[{"@type":"ReadAction","target":["https:\/\/happytrade.ch\/fr\/happy-trade\/"]}]},{"@type":"BreadcrumbList","@id":"https:\/\/happytrade.ch\/fr\/happy-trade\/#breadcrumb","itemListElement":[{"@type":"ListItem","position":1,"name":"Startseite","item":"https:\/\/happytrade.ch\/fr\/"},{"@type":"ListItem","position":2,"name":"Happy Trade"}]},{"@type":"WebSite","@id":"https:\/\/happytrade.ch\/fr\/#website","url":"https:\/\/happytrade.ch\/fr\/","name":"Happy Trade","description":"Cards &amp; Gifts","publisher":{"@id":"https:\/\/happytrade.ch\/fr\/#organization"},"potentialAction":[{"@type":"SearchAction","target":{"@type":"EntryPoint","urlTemplate":"https:\/\/happytrade.ch\/fr\/?s={search_term_string}"},"query-input":{"@type":"PropertyValueSpecification","valueRequired":true,"valueName":"search_term_string"}}],"inLanguage":"fr-FR"},{"@type":"Organization","@id":"https:\/\/happytrade.ch\/fr\/#organization","name":"Happy Trade GmbH","url":"https:\/\/happytrade.ch\/fr\/","logo":{"@type":"ImageObject","inLanguage":"fr-FR","@id":"https:\/\/happytrade.ch\/fr\/#\/schema\/logo\/image\/","url":"https:\/\/happytrade.ch\/wp-content\/uploads\/2021\/05\/happy_trade_sansserif_nosub_x2.png","contentUrl":"https:\/\/happytrade.ch\/wp-content\/uploads\/2021\/05\/happy_trade_sansserif_nosub_x2.png","width":440,"height":74,"caption":"Happy Trade GmbH"},"image":{"@id":"https:\/\/happytrade.ch\/fr\/#\/schema\/logo\/image\/"}}]}},"_links":{"self":[{"href":"https:\/\/happytrade.ch\/fr\/wp-json\/wp\/v2\/pages\/20219","targetHints":{"allow":["GET"]}}],"collection":[{"href":"https:\/\/happytrade.ch\/fr\/wp-json\/wp\/v2\/pages"}],"about":[{"href":"https:\/\/happytrade.ch\/fr\/wp-json\/wp\/v2\/types\/page"}],"author":[{"embeddable":true,"href":"https:\/\/happytrade.ch\/fr\/wp-json\/wp\/v2\/users\/1"}],"replies":[{"embeddable":true,"href":"https:\/\/happytrade.ch\/fr\/wp-json\/wp\/v2\/comments?post=20219"}],"version-history":[{"count":3,"href":"https:\/\/happytrade.ch\/fr\/wp-json\/wp\/v2\/pages\/20219\/revisions"}],"predecessor-version":[{"id":20224,"href":"https:\/\/happytrade.ch\/fr\/wp-json\/wp\/v2\/pages\/20219\/revisions\/20224"}],"wp:attachment":[{"href":"https:\/\/happytrade.ch\/fr\/wp-json\/wp\/v2\/media?parent=20219"}],"curies":[{"name":"wp","href":"https:\/\/api.w.org\/{rel}","templated":true}]}}