{"id":20194,"date":"2021-06-30T07:39:02","date_gmt":"2021-06-30T06:39:02","guid":{"rendered":"https:\/\/happytrade.ch\/real-exciting\/"},"modified":"2021-06-30T07:39:03","modified_gmt":"2021-06-30T06:39:03","slug":"real-exciting","status":"publish","type":"page","link":"https:\/\/happytrade.ch\/fr\/real-exciting\/","title":{"rendered":"Real &#038; Exciting"},"content":{"rendered":"<p><div class=\"fusion-fullwidth fullwidth-box fusion-builder-row-1 fusion-flex-container nonhundred-percent-fullwidth non-hundred-percent-height-scrolling\" style=\"--awb-border-radius-top-left:0px;--awb-border-radius-top-right:0px;--awb-border-radius-bottom-right:0px;--awb-border-radius-bottom-left:0px;--awb-flex-wrap:wrap;\" ><div class=\"fusion-builder-row fusion-row fusion-flex-align-items-flex-start fusion-flex-content-wrap\" style=\"max-width:1216.8px;margin-left: calc(-4% \/ 2 );margin-right: calc(-4% \/ 2 );\"><div class=\"fusion-layout-column fusion_builder_column fusion-builder-column-0 fusion_builder_column_2_3 2_3 fusion-flex-column\" style=\"--awb-bg-size:cover;--awb-width-large:66.666666666667%;--awb-margin-top-large:15px;--awb-spacing-right-large:2.88%;--awb-margin-bottom-large:15px;--awb-spacing-left-large:2.88%;--awb-width-medium:100%;--awb-order-medium:0;--awb-spacing-right-medium:1.92%;--awb-spacing-left-medium:1.92%;--awb-width-small:100%;--awb-order-small:0;--awb-spacing-right-small:1.92%;--awb-spacing-left-small:1.92%;\"><div class=\"fusion-column-wrapper fusion-column-has-shadow fusion-flex-justify-content-flex-start fusion-content-layout-column\"><div class=\"fusion-text fusion-text-1\"><p>La cr\u00e9atrice de textile Sarah Curedale a fond\u00e9 Real &#038; Exciting dans l\u2019ann\u00e9e 1996. L\u2019artiste \u00e9tait connue par ces cartes cr\u00e9atives et contemporaines. En 2014 la soci\u00e9t\u00e9 \u00e9tait reprise par Alan et Debbie Williams. Sarah Curedale est rest\u00e9e cependant la face cr\u00e9ative de l\u2019entreprise.<\/p>\n<\/div><div class=\"fusion-separator fusion-full-width-sep\" style=\"align-self: center;margin-left: auto;margin-right: auto;margin-top:30px;margin-bottom:30px;width:100%;\"><\/div><\/div><\/div><\/div><\/div><div class=\"fusion-fullwidth fullwidth-box fusion-builder-row-2 fusion-flex-container nonhundred-percent-fullwidth non-hundred-percent-height-scrolling\" style=\"--awb-border-radius-top-left:0px;--awb-border-radius-top-right:0px;--awb-border-radius-bottom-right:0px;--awb-border-radius-bottom-left:0px;--awb-padding-top:60px;--awb-padding-bottom:120px;--awb-background-color:#f4f4f4;--awb-flex-wrap:wrap;\" ><div class=\"fusion-builder-row fusion-row fusion-flex-align-items-flex-start fusion-flex-content-wrap\" style=\"max-width:1216.8px;margin-left: calc(-4% \/ 2 );margin-right: calc(-4% \/ 2 );\"><div class=\"fusion-layout-column fusion_builder_column fusion-builder-column-1 fusion_builder_column_1_2 1_2 fusion-flex-column\" style=\"--awb-padding-top:20px;--awb-padding-right:20px;--awb-padding-bottom:35px;--awb-padding-left:20px;--awb-bg-color:#ffffff;--awb-bg-color-hover:#ffffff;--awb-bg-size:cover;--awb-box-shadow:0px 0px 15px 0px rgba(0,0,0,0.10);;--awb-width-large:50%;--awb-margin-top-large:15px;--awb-spacing-right-large:3.84%;--awb-margin-bottom-large:15px;--awb-spacing-left-large:3.84%;--awb-width-medium:100%;--awb-order-medium:0;--awb-spacing-right-medium:1.92%;--awb-spacing-left-medium:1.92%;--awb-width-small:100%;--awb-order-small:0;--awb-spacing-right-small:1.92%;--awb-spacing-left-small:1.92%;\"><div class=\"fusion-column-wrapper fusion-column-has-shadow fusion-flex-justify-content-flex-start fusion-content-layout-row\"><div class=\"fusion-title title fusion-title-1 fusion-title-text fusion-title-size-three\" style=\"--awb-margin-top-small:10px;--awb-margin-right-small:0px;--awb-margin-bottom-small:20px;--awb-margin-left-small:0px;--awb-font-size:22px;\"><div class=\"title-sep-container title-sep-container-left fusion-no-large-visibility fusion-no-medium-visibility fusion-no-small-visibility\"><div class=\"title-sep sep- sep-solid\" style=\"border-color:#e0dede;\"><\/div><\/div><span class=\"awb-title-spacer fusion-no-large-visibility fusion-no-medium-visibility fusion-no-small-visibility\"><\/span><h3 class=\"fusion-title-heading title-heading-left fusion-responsive-typography-calculated\" style=\"margin:0;font-size:1em;--fontSize:22;--minFontSize:22;line-height:1.88;\">Real &#038; Exciting<\/h3><span class=\"awb-title-spacer\"><\/span><div class=\"title-sep-container title-sep-container-right\"><div class=\"title-sep sep- sep-solid\" style=\"border-color:#e0dede;\"><\/div><\/div><\/div><div class=\"fusion-text fusion-text-2 fusion-animated screenoutline\" data-animationType=\"fadeInUp\" data-animationDuration=\"0.3\" data-animationOffset=\"top-into-view\"><a href=\"https:\/\/realandexcitingdesigns.co.uk\/\" class=\"ssm_link\" width=\"1280\" height=\"1024\"  target=\"_blank\" rel=\"noopener\"><img decoding=\"async\" src=\"data:image\/svg+xml,%3Csvg%20xmlns%3D%27http%3A%2F%2Fwww.w3.org%2F2000%2Fsvg%27%20width%3D%271280%27%20height%3D%271024%27%20viewBox%3D%270%200%201280%201024%27%3E%3Crect%20width%3D%271280%27%20height%3D%271024%27%20fill-opacity%3D%220%22%2F%3E%3C%2Fsvg%3E\" data-orig-src=\"https:\/\/api.screenshotmachine.com\/?key=d6103b&#038;url=https%3A%2F%2Frealandexcitingdesigns.co.uk%2F&#038;dimension=1280x1024&#038;device=desktop&#038;format=jpg&#038;cacheLimit=0&#038;delay=0&#038;zoom=100&#038;click&#038;hide&#038;cookies&#038;accept-language&#038;user-agent&#038;selector&#038;crop\" class=\"lazyload ssm ssm_refresh\" width=\"1280\" height=\"1024\" data-src=\"https:\/\/api.screenshotmachine.com\/?key=d6103b&#038;url=https%3A%2F%2Frealandexcitingdesigns.co.uk%2F&#038;dimension=1280x1024&#038;device=desktop&#038;format=jpg&#038;cacheLimit=0&#038;delay=0&#038;zoom=100&#038;click&#038;hide&#038;cookies&#038;accept-language&#038;user-agent&#038;selector&#038;crop\" data-width=\"1280\" data-height=\"1024\" data-refreshcounter=\"0\"\/><\/a>\n<\/div><div class=\"fusion-separator fusion-full-width-sep\" style=\"align-self: center;margin-left: auto;margin-right: auto;margin-top:15px;margin-bottom:15px;width:100%;\"><\/div><div ><a class=\"fusion-button button-flat button-large button-custom fusion-button-default button-1 fusion-button-default-span fusion-button-default-type\" style=\"--button_accent_color:#494949;--button_border_color:#494949;--button_accent_hover_color:#ffffff;--button_border_hover_color:#000000;--button_border_width-top:1px;--button_border_width-right:1px;--button_border_width-bottom:1px;--button_border_width-left:1px;--button-border-radius-top-left:0;--button-border-radius-top-right:0;--button-border-radius-bottom-right:0;--button-border-radius-bottom-left:0;--button_gradient_top_color:#ffffff;--button_gradient_bottom_color:#ffffff;--button_gradient_top_color_hover:#000000;--button_gradient_bottom_color_hover:#000000;\" target=\"_self\" href=\"https:\/\/realandexcitingdesigns.co.uk\/\"><i class=\"fa-hand-point-right fas awb-button__icon awb-button__icon--default button-icon-left\" aria-hidden=\"true\"><\/i><span class=\"fusion-button-text awb-button__text awb-button__text--default\">Visitez le site web<\/span><\/a><\/div><\/div><\/div><\/div><\/div><\/p>\n","protected":false},"excerpt":{"rendered":"","protected":false},"author":1,"featured_media":0,"parent":0,"menu_order":0,"comment_status":"closed","ping_status":"closed","template":"100-width.php","meta":{"footnotes":""},"class_list":["post-20194","page","type-page","status-publish","hentry"],"yoast_head":"<!-- This site is optimized with the Yoast SEO plugin v27.5 - https:\/\/yoast.com\/product\/yoast-seo-wordpress\/ -->\n<title>Real &amp; Exciting - Happy Trade<\/title>\n<meta name=\"robots\" content=\"index, follow, max-snippet:-1, max-image-preview:large, max-video-preview:-1\" \/>\n<link rel=\"canonical\" href=\"https:\/\/happytrade.ch\/fr\/real-exciting\/\" \/>\n<meta property=\"og:locale\" content=\"fr_FR\" \/>\n<meta property=\"og:type\" content=\"article\" \/>\n<meta property=\"og:title\" content=\"Real &amp; Exciting - Happy Trade\" \/>\n<meta property=\"og:url\" content=\"https:\/\/happytrade.ch\/fr\/real-exciting\/\" \/>\n<meta property=\"og:site_name\" content=\"Happy Trade\" \/>\n<meta property=\"article:modified_time\" content=\"2021-06-30T06:39:03+00:00\" \/>\n<meta name=\"twitter:card\" content=\"summary_large_image\" \/>\n<meta name=\"twitter:label1\" content=\"Dur\u00e9e de lecture estim\u00e9e\" \/>\n\t<meta name=\"twitter:data1\" content=\"8 minutes\" \/>\n<script type=\"application\/ld+json\" class=\"yoast-schema-graph\">{\"@context\":\"https:\\\/\\\/schema.org\",\"@graph\":[{\"@type\":\"WebPage\",\"@id\":\"https:\\\/\\\/happytrade.ch\\\/fr\\\/real-exciting\\\/\",\"url\":\"https:\\\/\\\/happytrade.ch\\\/fr\\\/real-exciting\\\/\",\"name\":\"Real & Exciting - Happy Trade\",\"isPartOf\":{\"@id\":\"https:\\\/\\\/happytrade.ch\\\/fr\\\/#website\"},\"datePublished\":\"2021-06-30T06:39:02+00:00\",\"dateModified\":\"2021-06-30T06:39:03+00:00\",\"breadcrumb\":{\"@id\":\"https:\\\/\\\/happytrade.ch\\\/fr\\\/real-exciting\\\/#breadcrumb\"},\"inLanguage\":\"fr-FR\",\"potentialAction\":[{\"@type\":\"ReadAction\",\"target\":[\"https:\\\/\\\/happytrade.ch\\\/fr\\\/real-exciting\\\/\"]}]},{\"@type\":\"BreadcrumbList\",\"@id\":\"https:\\\/\\\/happytrade.ch\\\/fr\\\/real-exciting\\\/#breadcrumb\",\"itemListElement\":[{\"@type\":\"ListItem\",\"position\":1,\"name\":\"Startseite\",\"item\":\"https:\\\/\\\/happytrade.ch\\\/fr\\\/\"},{\"@type\":\"ListItem\",\"position\":2,\"name\":\"Real &#038; Exciting\"}]},{\"@type\":\"WebSite\",\"@id\":\"https:\\\/\\\/happytrade.ch\\\/fr\\\/#website\",\"url\":\"https:\\\/\\\/happytrade.ch\\\/fr\\\/\",\"name\":\"Happy Trade\",\"description\":\"Cards &amp; Gifts\",\"publisher\":{\"@id\":\"https:\\\/\\\/happytrade.ch\\\/fr\\\/#organization\"},\"potentialAction\":[{\"@type\":\"SearchAction\",\"target\":{\"@type\":\"EntryPoint\",\"urlTemplate\":\"https:\\\/\\\/happytrade.ch\\\/fr\\\/?s={search_term_string}\"},\"query-input\":{\"@type\":\"PropertyValueSpecification\",\"valueRequired\":true,\"valueName\":\"search_term_string\"}}],\"inLanguage\":\"fr-FR\"},{\"@type\":\"Organization\",\"@id\":\"https:\\\/\\\/happytrade.ch\\\/fr\\\/#organization\",\"name\":\"Happy Trade GmbH\",\"url\":\"https:\\\/\\\/happytrade.ch\\\/fr\\\/\",\"logo\":{\"@type\":\"ImageObject\",\"inLanguage\":\"fr-FR\",\"@id\":\"https:\\\/\\\/happytrade.ch\\\/fr\\\/#\\\/schema\\\/logo\\\/image\\\/\",\"url\":\"https:\\\/\\\/happytrade.ch\\\/wp-content\\\/uploads\\\/2021\\\/05\\\/happy_trade_sansserif_nosub_x2.png\",\"contentUrl\":\"https:\\\/\\\/happytrade.ch\\\/wp-content\\\/uploads\\\/2021\\\/05\\\/happy_trade_sansserif_nosub_x2.png\",\"width\":440,\"height\":74,\"caption\":\"Happy Trade GmbH\"},\"image\":{\"@id\":\"https:\\\/\\\/happytrade.ch\\\/fr\\\/#\\\/schema\\\/logo\\\/image\\\/\"}}]}<\/script>\n<!-- \/ Yoast SEO plugin. -->","yoast_head_json":{"title":"Real & Exciting - Happy Trade","robots":{"index":"index","follow":"follow","max-snippet":"max-snippet:-1","max-image-preview":"max-image-preview:large","max-video-preview":"max-video-preview:-1"},"canonical":"https:\/\/happytrade.ch\/fr\/real-exciting\/","og_locale":"fr_FR","og_type":"article","og_title":"Real & Exciting - Happy Trade","og_url":"https:\/\/happytrade.ch\/fr\/real-exciting\/","og_site_name":"Happy Trade","article_modified_time":"2021-06-30T06:39:03+00:00","twitter_card":"summary_large_image","twitter_misc":{"Dur\u00e9e de lecture estim\u00e9e":"8 minutes"},"schema":{"@context":"https:\/\/schema.org","@graph":[{"@type":"WebPage","@id":"https:\/\/happytrade.ch\/fr\/real-exciting\/","url":"https:\/\/happytrade.ch\/fr\/real-exciting\/","name":"Real & Exciting - Happy Trade","isPartOf":{"@id":"https:\/\/happytrade.ch\/fr\/#website"},"datePublished":"2021-06-30T06:39:02+00:00","dateModified":"2021-06-30T06:39:03+00:00","breadcrumb":{"@id":"https:\/\/happytrade.ch\/fr\/real-exciting\/#breadcrumb"},"inLanguage":"fr-FR","potentialAction":[{"@type":"ReadAction","target":["https:\/\/happytrade.ch\/fr\/real-exciting\/"]}]},{"@type":"BreadcrumbList","@id":"https:\/\/happytrade.ch\/fr\/real-exciting\/#breadcrumb","itemListElement":[{"@type":"ListItem","position":1,"name":"Startseite","item":"https:\/\/happytrade.ch\/fr\/"},{"@type":"ListItem","position":2,"name":"Real &#038; Exciting"}]},{"@type":"WebSite","@id":"https:\/\/happytrade.ch\/fr\/#website","url":"https:\/\/happytrade.ch\/fr\/","name":"Happy Trade","description":"Cards &amp; Gifts","publisher":{"@id":"https:\/\/happytrade.ch\/fr\/#organization"},"potentialAction":[{"@type":"SearchAction","target":{"@type":"EntryPoint","urlTemplate":"https:\/\/happytrade.ch\/fr\/?s={search_term_string}"},"query-input":{"@type":"PropertyValueSpecification","valueRequired":true,"valueName":"search_term_string"}}],"inLanguage":"fr-FR"},{"@type":"Organization","@id":"https:\/\/happytrade.ch\/fr\/#organization","name":"Happy Trade GmbH","url":"https:\/\/happytrade.ch\/fr\/","logo":{"@type":"ImageObject","inLanguage":"fr-FR","@id":"https:\/\/happytrade.ch\/fr\/#\/schema\/logo\/image\/","url":"https:\/\/happytrade.ch\/wp-content\/uploads\/2021\/05\/happy_trade_sansserif_nosub_x2.png","contentUrl":"https:\/\/happytrade.ch\/wp-content\/uploads\/2021\/05\/happy_trade_sansserif_nosub_x2.png","width":440,"height":74,"caption":"Happy Trade GmbH"},"image":{"@id":"https:\/\/happytrade.ch\/fr\/#\/schema\/logo\/image\/"}}]}},"_links":{"self":[{"href":"https:\/\/happytrade.ch\/fr\/wp-json\/wp\/v2\/pages\/20194","targetHints":{"allow":["GET"]}}],"collection":[{"href":"https:\/\/happytrade.ch\/fr\/wp-json\/wp\/v2\/pages"}],"about":[{"href":"https:\/\/happytrade.ch\/fr\/wp-json\/wp\/v2\/types\/page"}],"author":[{"embeddable":true,"href":"https:\/\/happytrade.ch\/fr\/wp-json\/wp\/v2\/users\/1"}],"replies":[{"embeddable":true,"href":"https:\/\/happytrade.ch\/fr\/wp-json\/wp\/v2\/comments?post=20194"}],"version-history":[{"count":2,"href":"https:\/\/happytrade.ch\/fr\/wp-json\/wp\/v2\/pages\/20194\/revisions"}],"predecessor-version":[{"id":20196,"href":"https:\/\/happytrade.ch\/fr\/wp-json\/wp\/v2\/pages\/20194\/revisions\/20196"}],"wp:attachment":[{"href":"https:\/\/happytrade.ch\/fr\/wp-json\/wp\/v2\/media?parent=20194"}],"curies":[{"name":"wp","href":"https:\/\/api.w.org\/{rel}","templated":true}]}}